{"id":981,"date":"2022-12-09T09:25:23","date_gmt":"2022-12-09T09:25:23","guid":{"rendered":"https:\/\/minimalweb.com.hr\/crraiz\/informazione-legale\/"},"modified":"2024-06-11T09:05:38","modified_gmt":"2024-06-11T09:05:38","slug":"informazione-legale","status":"publish","type":"page","link":"https:\/\/www.cerra.hr\/it\/informazione-legale\/","title":{"rendered":"Informazione legale"},"content":{"rendered":"<p><strong>CENTAR ZA RAZVOJ RIBARSTVA I AKVAKULTURE ISTARSKE \u017dUPANIJE<\/strong> &#8211; CENTRO PER LO SVILUPPO DELLA PESCA E DELL&#8217;ACQUACOLTURA DELLA REGIONE ISTRIANA<\/p>\n<p><em>CENTER FOR FISHERIES AND AQUACULTURE DEVELOPEMENT OF ISTRIAN REGION<\/em><\/p>\n<p>&nbsp;<\/p>\n<p><strong>MBS: <\/strong>130135763<\/p>\n<p><strong>OIB<\/strong>: 87575203429<\/p>\n<p><strong>Sede\/indirizzo: <\/strong>Rovinj &#8211; Rovigno (Grad Rovinj &#8211; Rovigno), Ulica Luigija Montija &#8211; Via Luigi Monti 2<\/p>\n<p><strong>Indirizzo email: <\/strong>&#105;&#x6e;&#x66;&#111;&#x40;&#x63;&#101;&#x72;&#x72;&#97;&#x2e;&#x68;&#114;<\/p>\n<p><strong>Forma giuridica:<\/strong> Istituzione<\/p>\n<p><strong>Attivit\u00e0:<\/strong><\/p>\n<ul>\n<li>Ricerca e sviluppo della pesca e dell&#8217;acquacoltura<\/li>\n<li>Sviluppo di innovazioni nel settore della pesca e dell&#8217;acquacoltura<\/li>\n<li>Partecipazione attiva alla progettazione, sviluppo e applicazione di progetti a bandi da fondi comunitari<\/li>\n<li>Supporto e informazione di vari soggetti del settore tematico sulle opportunit\u00e0 di finanziamento esistenti attraverso diverse Misure del Programma Operativo per gli Affari Marittimi e la Pesca<\/li>\n<li>Formazione dei pescatori e degli allevatori in acquacoltura<\/li>\n<li>Collaborazione con competenti istituti di ricerca scientifica<\/li>\n<li>Ricerche relative al tema della pesca e dell&#8217;acquacoltura nell&#8217;Alto Adriatico<\/li>\n<li>Organizzazione di consulenze e riunioni scientifiche, professionali e di altro tipo, nonch\u00e9 di eventi economici<\/li>\n<\/ul>\n<p>&nbsp;<\/p>\n<p><strong>Fondatori\/membri dell&#8217;azienda:<\/strong> ISTARSKA \u017dUPANIJA, OIB: 90017522601, Pisino, Dr\u0161\u0107evka 3 (fondatore)<\/p>\n<p><strong>Persone autorizzate a rappresentare:<\/strong> An\u0111ela Premzl (direttore, rappresenta in modo indipendente e individuale)<\/p>\n<p><strong>Atto istitutivo:<\/strong> decisione istitutiva del 14 luglio 2022.<\/p>\n","protected":false},"excerpt":{"rendered":"<p>CENTAR ZA RAZVOJ RIBARSTVA I AKVAKULTURE ISTARSKE \u017dUPANIJE &#8211; CENTRO PER LO SVILUPPO DELLA PESCA E DELL&#8217;ACQUACOLTURA DELLA REGIONE ISTRIANA CENTER FOR FISHERIES AND AQUACULTURE DEVELOPEMENT OF ISTRIAN REGION &nbsp; MBS: 130135763 OIB: 87575203429 Sede\/indirizzo: Rovinj &#8211; Rovigno (Grad Rovinj &#8211; Rovigno), Ulica Luigija Montija &#8211; Via Luigi Monti 2 Indirizzo email: &#x69;&#x6e;&#x66;&#x6f;&#x40;&#x63;&#x65;&#114;&#114;&#97;&#46;&#104;r Forma giuridica: [&hellip;]<\/p>\n","protected":false},"author":1,"featured_media":1021,"parent":0,"menu_order":0,"comment_status":"closed","ping_status":"closed","template":"","meta":{"_acf_changed":false,"footnotes":""},"class_list":["post-981","page","type-page","status-publish","has-post-thumbnail","hentry"],"acf":[],"aioseo_notices":[],"_links":{"self":[{"href":"https:\/\/www.cerra.hr\/it\/wp-json\/wp\/v2\/pages\/981","targetHints":{"allow":["GET"]}}],"collection":[{"href":"https:\/\/www.cerra.hr\/it\/wp-json\/wp\/v2\/pages"}],"about":[{"href":"https:\/\/www.cerra.hr\/it\/wp-json\/wp\/v2\/types\/page"}],"author":[{"embeddable":true,"href":"https:\/\/www.cerra.hr\/it\/wp-json\/wp\/v2\/users\/1"}],"replies":[{"embeddable":true,"href":"https:\/\/www.cerra.hr\/it\/wp-json\/wp\/v2\/comments?post=981"}],"version-history":[{"count":4,"href":"https:\/\/www.cerra.hr\/it\/wp-json\/wp\/v2\/pages\/981\/revisions"}],"predecessor-version":[{"id":1604,"href":"https:\/\/www.cerra.hr\/it\/wp-json\/wp\/v2\/pages\/981\/revisions\/1604"}],"wp:featuredmedia":[{"embeddable":true,"href":"https:\/\/www.cerra.hr\/it\/wp-json\/wp\/v2\/media\/1021"}],"wp:attachment":[{"href":"https:\/\/www.cerra.hr\/it\/wp-json\/wp\/v2\/media?parent=981"}],"curies":[{"name":"wp","href":"https:\/\/api.w.org\/{rel}","templated":true}]}}