{"id":979,"date":"2022-11-28T12:27:47","date_gmt":"2022-11-28T12:27:47","guid":{"rendered":"https:\/\/minimalweb.com.hr\/crraiz\/sul-centro\/"},"modified":"2024-04-19T08:54:33","modified_gmt":"2024-04-19T08:54:33","slug":"sul-centro","status":"publish","type":"page","link":"https:\/\/www.cerra.hr\/it\/sul-centro\/","title":{"rendered":"Sul centro"},"content":{"rendered":"<div class=\"card-body\">\n<div id=\"outputtext\">\n<p>Centar za razvoj ribarstva i akvakulture Istarske \u017eupanije osnovan je radi promicanja zajedni\u010dkog integriranog pristupa u za\u0161titi riba i morskih resursa, te pobolj\u0161anja uvjeta kakvo\u0107e morskih eko-sustava kroz kontinuirane aktivnosti koje \u0107e se provoditi u suradnji sa svim relevantnim znanstvenim i ostalim institucijama.<\/p>\n<p>Primarni ciljevi zbog kojih je osnovan Centar usmjereni su na:<\/p>\n<ul>\n<li>Razvijanje ribarstva i akvakulture u oblicima i tehnologijama koje imaju<br \/>\nnajmanje \u0161tetan utjecaj na morske i obalne ekosustave;<\/li>\n<li>Razvijanje djelatnosti kojima se ostvaruju alternativni prihodi lokalnih ribarskih<br \/>\nzajednica;<\/li>\n<li>Poticanje inovativnih na\u010dina dodavanja vrijednosti ulovu, diversifikaciji<br \/>\nribolovnog gospodarstva;<\/li>\n<li>Suradnju znanstvenika, ribara i ribarske industrije;<\/li>\n<li>Me\u0111usektorsku koordinaciju (integralno prostorno planiranje i upravljanje<br \/>\nmorskim pojasom, pomorski nadzor, znanja o moru).<\/li>\n<\/ul>\n<p>Jedna od va\u017enijih aktivnosti Centra biti \u0107e rad na usvajanju odr\u017eivog pona\u0161anja i prakse od strane subjekata u ribarskom sektoru kao jednog od klju\u010dnih na\u010dina osiguravanja za\u0161tite i odr\u017eivog kori\u0161tenja svih morskih resursa u Istarskoj \u017eupaniji.<\/p>\n<p>Dosada\u0161nji rezultati i na\u010din ribolova, te kori\u0161tenja riba i morskih organizama na podru\u010dju sjevernog Jadrana odnosno Istarskog priobalja, izravna i neizravna ugro\u017eenost i poreme\u0107aji u morskim ekosustavima raznim gospodarskim djelatnostima, invazivnim vrstama i nametnicima, rezultati i saznanja proiza\u0161li iz EU projekata, te potrebe za daljnjim razvojem konkurentnog turizma ukazali su na potrebu osnivanja Centra za razvoj ribarstva i akvakulture Istarske \u017eupanije kako bi se razvio regionalni model odr\u017eivog ribarstva i upravljanja morskim resursima u funkciji razvoja ribarstva i marikulture ali i turizma Istarske \u017eupanije.<\/p>\n<\/div>\n<\/div>\n","protected":false},"excerpt":{"rendered":"<p>Centar za razvoj ribarstva i akvakulture Istarske \u017eupanije osnovan je radi promicanja zajedni\u010dkog integriranog pristupa u za\u0161titi riba i morskih resursa, te pobolj\u0161anja uvjeta kakvo\u0107e morskih eko-sustava kroz kontinuirane aktivnosti koje \u0107e se provoditi u suradnji sa svim relevantnim znanstvenim i ostalim institucijama. Primarni ciljevi zbog kojih je osnovan Centar usmjereni su na: Razvijanje ribarstva [&hellip;]<\/p>\n","protected":false},"author":1,"featured_media":1021,"parent":0,"menu_order":0,"comment_status":"closed","ping_status":"closed","template":"","meta":{"_acf_changed":false,"footnotes":""},"class_list":["post-979","page","type-page","status-publish","has-post-thumbnail","hentry"],"acf":[],"aioseo_notices":[],"_links":{"self":[{"href":"https:\/\/www.cerra.hr\/it\/wp-json\/wp\/v2\/pages\/979","targetHints":{"allow":["GET"]}}],"collection":[{"href":"https:\/\/www.cerra.hr\/it\/wp-json\/wp\/v2\/pages"}],"about":[{"href":"https:\/\/www.cerra.hr\/it\/wp-json\/wp\/v2\/types\/page"}],"author":[{"embeddable":true,"href":"https:\/\/www.cerra.hr\/it\/wp-json\/wp\/v2\/users\/1"}],"replies":[{"embeddable":true,"href":"https:\/\/www.cerra.hr\/it\/wp-json\/wp\/v2\/comments?post=979"}],"version-history":[{"count":2,"href":"https:\/\/www.cerra.hr\/it\/wp-json\/wp\/v2\/pages\/979\/revisions"}],"predecessor-version":[{"id":1502,"href":"https:\/\/www.cerra.hr\/it\/wp-json\/wp\/v2\/pages\/979\/revisions\/1502"}],"wp:featuredmedia":[{"embeddable":true,"href":"https:\/\/www.cerra.hr\/it\/wp-json\/wp\/v2\/media\/1021"}],"wp:attachment":[{"href":"https:\/\/www.cerra.hr\/it\/wp-json\/wp\/v2\/media?parent=979"}],"curies":[{"name":"wp","href":"https:\/\/api.w.org\/{rel}","templated":true}]}}